{"id":19,"date":"2019-01-22T15:30:13","date_gmt":"2019-01-22T14:30:13","guid":{"rendered":"http:\/\/confiseriezurcher.ch\/wp\/?page_id=19"},"modified":"2023-04-18T07:31:45","modified_gmt":"2023-04-18T05:31:45","slug":"la-confiserie","status":"publish","type":"page","link":"https:\/\/confiseriezurcher.ch\/wp\/?page_id=19","title":{"rendered":"La confiserie"},"content":{"rendered":"<h1>La confiserie<\/h1>\n<p>Quelques pi\u00e8ces ma\u00eetresses de notre assortiment sont incontournables, comme par exemple, le g\u00e2teau aux noisettes, les tuiles caram\u00e9lis\u00e9es, en passant par les pralin\u00e9s, les p\u00e2tisseries, les petits desserts, les tourtes, sans oublier les p\u00e2tes de fruits, les truffes et autres douceurs, ainsi qu&rsquo;un vaste assortiment de produits sal\u00e9s.<\/p>\n<div class=\"title\">\n<p>&nbsp;<\/p>\n<\/div>\n<p><img loading=\"lazy\" class=\"bandeau aligncenter wp-image-80 size-full\" src=\"http:\/\/confiseriezurcher.ch\/wp\/wp-content\/uploads\/2019\/02\/zurcher_confiserie.jpg\" alt=\"\" width=\"2000\" height=\"750\" srcset=\"https:\/\/confiseriezurcher.ch\/wp\/wp-content\/uploads\/2019\/02\/zurcher_confiserie.jpg 2000w, https:\/\/confiseriezurcher.ch\/wp\/wp-content\/uploads\/2019\/02\/zurcher_confiserie-300x113.jpg 300w, https:\/\/confiseriezurcher.ch\/wp\/wp-content\/uploads\/2019\/02\/zurcher_confiserie-768x288.jpg 768w, https:\/\/confiseriezurcher.ch\/wp\/wp-content\/uploads\/2019\/02\/zurcher_confiserie-1024x384.jpg 1024w\" sizes=\"(max-width: 2000px) 100vw, 2000px\" \/><\/p>\n<div class=\"title\">\n<p>&nbsp;<\/p>\n<\/div>\n<p>Nous attachons une tr\u00e8s grande importance \u00e0 la qualit\u00e9 des produits de base utilis\u00e9s. Nous privil\u00e9gions par exemple le beurre v\u00e9ritable, le chocolat conch\u00e9 avec soin. Nous \u00e9vitons l&rsquo;utilisation de graisses v\u00e9g\u00e9tales, les conservateurs et autres ar\u00f4mes artificiels, de mani\u00e8re \u00e0 offrir une qualit\u00e9 de produits authentiques, et ceci dans le respect des traditions de la maison.<\/p>\n<div class=\"title\">\n<p>&nbsp;<\/p>\n<\/div>\n<p><img loading=\"lazy\" class=\"bandeau aligncenter wp-image-73 size-full\" src=\"http:\/\/confiseriezurcher.ch\/wp\/wp-content\/uploads\/2019\/02\/zurcher_tuiles.jpg\" alt=\"\" width=\"2000\" height=\"750\" srcset=\"https:\/\/confiseriezurcher.ch\/wp\/wp-content\/uploads\/2019\/02\/zurcher_tuiles.jpg 2000w, https:\/\/confiseriezurcher.ch\/wp\/wp-content\/uploads\/2019\/02\/zurcher_tuiles-300x113.jpg 300w, https:\/\/confiseriezurcher.ch\/wp\/wp-content\/uploads\/2019\/02\/zurcher_tuiles-768x288.jpg 768w, https:\/\/confiseriezurcher.ch\/wp\/wp-content\/uploads\/2019\/02\/zurcher_tuiles-1024x384.jpg 1024w\" sizes=\"(max-width: 2000px) 100vw, 2000px\" \/><\/p>\n<div class=\"title\">\n<p>&nbsp;<\/p>\n<\/div>\n<p>Nous veillons bien s\u00fbr \u00e0 innover continuellement, tout en veillant \u00e0 conserver certaines recettes traditionnelles. La confiserie n&rsquo;est pas un art fig\u00e9. Des nouveaut\u00e9s \u00e9labor\u00e9es dans notre laboratoire, telles que glaces artisanales ou \u00e9clats de chocolat agr\u00e9ment\u00e9s de fruits, fleur de sel ou autre, viennent compl\u00e9ter notre gamme de produits.<\/p>\n<div class=\"title\">\n<p>&nbsp;<\/p>\n<\/div>\n<p><img loading=\"lazy\" class=\"bandeau aligncenter wp-image-42 size-full\" src=\"http:\/\/confiseriezurcher.ch\/wp\/wp-content\/uploads\/2019\/02\/zurcher_capsule.jpg\" alt=\"\" width=\"2000\" height=\"750\" srcset=\"https:\/\/confiseriezurcher.ch\/wp\/wp-content\/uploads\/2019\/02\/zurcher_capsule.jpg 2000w, https:\/\/confiseriezurcher.ch\/wp\/wp-content\/uploads\/2019\/02\/zurcher_capsule-300x113.jpg 300w, https:\/\/confiseriezurcher.ch\/wp\/wp-content\/uploads\/2019\/02\/zurcher_capsule-768x288.jpg 768w, https:\/\/confiseriezurcher.ch\/wp\/wp-content\/uploads\/2019\/02\/zurcher_capsule-1024x384.jpg 1024w\" sizes=\"(max-width: 2000px) 100vw, 2000px\" \/><\/p>\n<div class=\"title\">\n<p>&nbsp;<\/p>\n<\/div>\n<p>Nous proposons \u00e9galement la composition de g\u00e2teaux, de tourtes personnalis\u00e9es, de divers plateaux traiteurs de mani\u00e8re originale et cr\u00e9ative.<\/p>\n<!-- Final Tiles Grid Gallery for WordPress v3.6.1 free --><style>#ftg-11 .tile .icon { color:#ffffff; }#ftg-11 .ftg-items .loading-bar i { background:#666; }#ftg-11 .ftg-items .loading-bar { background:#000000; }#ftg-11 .tile .icon { font-size:12px; }#ftg-11 .tile .icon { margin: -6px 0 0 -6px; }#ftg-11 .tile .caption-block .text-wrapper span.text { font-size:12px; }#ftg-11 .tile .caption-outside .text-wrapper span.text { font-size:12px; }#ftg-11 .tile .caption-block .text-wrapper span.title { font-size:14px; }#ftg-11 .tile .caption-outside .text-wrapper span.title { font-size:14px; }#ftg-11 .tile { background-color: transparent; }#ftg-11 .tile .caption-block .text-wrapper span.text { color: #ffffff; }#ftg-11 .tile .caption-block .text-wrapper span.title { color: #ffffff; }#ftg-11 .tile .caption-outside .text-wrapper span.text { color: #ffffff; }#ftg-11 .tile .caption-outside .text-wrapper span.title { color: #ffffff; }#ftg-11 .tile .ftg-social a { color: #ffffff; }#ftg-11 .tile .caption-block { transition-timing-function:ease; }#ftg-11 .tile .caption-block { transition-duration:0.25s; }#ftg-11 .tile .tile-inner:before { background-color: #000000; }#ftg-11 .tile .tile-inner:before { background-color: rgba(0, 0, 0, 0.8); }#ftg-11 .tile:hover img {-moz-transform: ;-webkit-transform: ;-o-transform: ;-ms-transform: ;transform: ;}<\/style><a name=\"1\"><\/a><div class=\"final-tiles-gallery  ftg-hover-enabled caption-inside  caption-none caption-middle caption-center\" id=\"ftg-11\" style=\"width: 100%\"><div class='ftg-items'><div class='loading-bar'><i><\/i><\/div><div  class='tile ftg-preload  '><a title=\"\" data-lightbox='ftg-11' rel='ftg-11'  class=' tile-inner  ftg-lightbox' href='https:\/\/confiseriezurcher.ch\/wp\/wp-content\/uploads\/2019\/04\/Zurcher_DSC02934-683x1024.jpg' ><img alt='' class='item skip-lazy' data-class='item' data-ftg-source='http:\/\/confiseriezurcher.ch\/wp\/wp-content\/uploads\/2019\/04\/Zurcher_DSC02934-150x150.jpg' src='http:\/\/confiseriezurcher.ch\/wp\/wp-content\/uploads\/2019\/04\/Zurcher_DSC02934-150x150.jpg' width='1000' height='1500' \/><\/a><div class='ftg-social'><\/div><\/div><div  class='tile ftg-preload  '><a title=\"\" data-lightbox='ftg-11' rel='ftg-11'  class=' tile-inner  ftg-lightbox' href='https:\/\/confiseriezurcher.ch\/wp\/wp-content\/uploads\/2019\/04\/Zurcher_DSC02827-683x1024.jpg' ><img alt='' class='item skip-lazy' data-class='item' data-ftg-source='http:\/\/confiseriezurcher.ch\/wp\/wp-content\/uploads\/2019\/04\/Zurcher_DSC02827-150x150.jpg' src='http:\/\/confiseriezurcher.ch\/wp\/wp-content\/uploads\/2019\/04\/Zurcher_DSC02827-150x150.jpg' width='1000' height='1500' \/><\/a><div class='ftg-social'><\/div><\/div><div  class='tile ftg-preload  '><a title=\"\" data-lightbox='ftg-11' rel='ftg-11'  class=' tile-inner  ftg-lightbox' href='https:\/\/confiseriezurcher.ch\/wp\/wp-content\/uploads\/2019\/02\/DSC_6046-1024x684.jpg' ><img alt='' class='item skip-lazy' data-class='item' data-ftg-source='http:\/\/confiseriezurcher.ch\/wp\/wp-content\/uploads\/2019\/02\/DSC_6046-300x200.jpg' src='http:\/\/confiseriezurcher.ch\/wp\/wp-content\/uploads\/2019\/02\/DSC_6046-300x200.jpg' width='3155' height='2106' \/><\/a><div class='ftg-social'><\/div><\/div><div  class='tile ftg-preload  '><a title=\"\" data-lightbox='ftg-11' rel='ftg-11'  class=' tile-inner  ftg-lightbox' href='https:\/\/confiseriezurcher.ch\/wp\/wp-content\/uploads\/2019\/02\/DSC_6075-684x1024.jpg' ><img alt='' class='item skip-lazy' data-class='item' data-ftg-source='http:\/\/confiseriezurcher.ch\/wp\/wp-content\/uploads\/2019\/02\/DSC_6075-200x300.jpg' src='http:\/\/confiseriezurcher.ch\/wp\/wp-content\/uploads\/2019\/02\/DSC_6075-200x300.jpg' width='2554' height='3826' \/><\/a><div class='ftg-social'><\/div><\/div><div  class='tile ftg-preload  '><a title=\"\" data-lightbox='ftg-11' rel='ftg-11'  class=' tile-inner  ftg-lightbox' href='https:\/\/confiseriezurcher.ch\/wp\/wp-content\/uploads\/2019\/02\/DSC_1135-1024x681.jpg' ><img alt='' class='item skip-lazy' data-class='item' data-ftg-source='http:\/\/confiseriezurcher.ch\/wp\/wp-content\/uploads\/2019\/02\/DSC_1135-300x199.jpg' src='http:\/\/confiseriezurcher.ch\/wp\/wp-content\/uploads\/2019\/02\/DSC_1135-300x199.jpg' width='3008' height='2000' \/><\/a><div class='ftg-social'><\/div><\/div><div  class='tile ftg-preload  '><a title=\"\" data-lightbox='ftg-11' rel='ftg-11'  class=' tile-inner  ftg-lightbox' href='https:\/\/confiseriezurcher.ch\/wp\/wp-content\/uploads\/2019\/02\/DSC_6131-1024x684.jpg' ><img alt='' class='item skip-lazy' data-class='item' data-ftg-source='http:\/\/confiseriezurcher.ch\/wp\/wp-content\/uploads\/2019\/02\/DSC_6131-300x200.jpg' src='http:\/\/confiseriezurcher.ch\/wp\/wp-content\/uploads\/2019\/02\/DSC_6131-300x200.jpg' width='3363' height='2245' \/><\/a><div class='ftg-social'><\/div><\/div><div  class='tile ftg-preload  '><a title=\"\" data-lightbox='ftg-11' rel='ftg-11'  class=' tile-inner  ftg-lightbox' href='https:\/\/confiseriezurcher.ch\/wp\/wp-content\/uploads\/2019\/02\/DSC_6036-684x1024.jpg' ><img alt='' class='item skip-lazy' data-class='item' data-ftg-source='http:\/\/confiseriezurcher.ch\/wp\/wp-content\/uploads\/2019\/02\/DSC_6036-200x300.jpg' src='http:\/\/confiseriezurcher.ch\/wp\/wp-content\/uploads\/2019\/02\/DSC_6036-200x300.jpg' width='2306' height='3454' \/><\/a><div class='ftg-social'><\/div><\/div><div  class='tile ftg-preload  '><a title=\"\" data-lightbox='ftg-11' rel='ftg-11'  class=' tile-inner  ftg-lightbox' href='https:\/\/confiseriezurcher.ch\/wp\/wp-content\/uploads\/2019\/02\/DSC_1210-1024x681.jpg' ><img alt='' class='item skip-lazy' data-class='item' data-ftg-source='http:\/\/confiseriezurcher.ch\/wp\/wp-content\/uploads\/2019\/02\/DSC_1210-300x199.jpg' src='http:\/\/confiseriezurcher.ch\/wp\/wp-content\/uploads\/2019\/02\/DSC_1210-300x199.jpg' width='3008' height='2000' \/><\/a><div class='ftg-social'><\/div><\/div><div  class='tile ftg-preload  '><a title=\"\" data-lightbox='ftg-11' rel='ftg-11'  class=' tile-inner  ftg-lightbox' href='https:\/\/confiseriezurcher.ch\/wp\/wp-content\/uploads\/2019\/02\/DSC_6103-1024x684.jpg' ><img alt='' class='item skip-lazy' data-class='item' data-ftg-source='http:\/\/confiseriezurcher.ch\/wp\/wp-content\/uploads\/2019\/02\/DSC_6103-300x200.jpg' src='http:\/\/confiseriezurcher.ch\/wp\/wp-content\/uploads\/2019\/02\/DSC_6103-300x200.jpg' width='5316' height='3549' \/><\/a><div class='ftg-social'><\/div><\/div><div  class='tile ftg-preload  '><a title=\"\" data-lightbox='ftg-11' rel='ftg-11'  class=' tile-inner  ftg-lightbox' href='https:\/\/confiseriezurcher.ch\/wp\/wp-content\/uploads\/2019\/02\/DSC_6083-Modifier-684x1024.jpg' ><img alt='' class='item skip-lazy' data-class='item' data-ftg-source='http:\/\/confiseriezurcher.ch\/wp\/wp-content\/uploads\/2019\/02\/DSC_6083-Modifier-200x300.jpg' src='http:\/\/confiseriezurcher.ch\/wp\/wp-content\/uploads\/2019\/02\/DSC_6083-Modifier-200x300.jpg' width='2778' height='4161' \/><\/a><div class='ftg-social'><\/div><\/div><div  class='tile ftg-preload  '><a title=\"\" data-lightbox='ftg-11' rel='ftg-11'  class=' tile-inner  ftg-lightbox' href='https:\/\/confiseriezurcher.ch\/wp\/wp-content\/uploads\/2019\/04\/Zurcher_DSC02844-683x1024.jpg' ><img alt='' class='item skip-lazy' data-class='item' data-ftg-source='http:\/\/confiseriezurcher.ch\/wp\/wp-content\/uploads\/2019\/04\/Zurcher_DSC02844-150x150.jpg' src='http:\/\/confiseriezurcher.ch\/wp\/wp-content\/uploads\/2019\/04\/Zurcher_DSC02844-150x150.jpg' width='1000' height='1500' \/><\/a><div class='ftg-social'><\/div><\/div><div  class='tile ftg-preload  '><a title=\"\" data-lightbox='ftg-11' rel='ftg-11'  class=' tile-inner  ftg-lightbox' href='https:\/\/confiseriezurcher.ch\/wp\/wp-content\/uploads\/2019\/02\/DSC_1144-1024x681.jpg' ><img alt='' class='item skip-lazy' data-class='item' data-ftg-source='http:\/\/confiseriezurcher.ch\/wp\/wp-content\/uploads\/2019\/02\/DSC_1144-300x199.jpg' src='http:\/\/confiseriezurcher.ch\/wp\/wp-content\/uploads\/2019\/02\/DSC_1144-300x199.jpg' width='3008' height='2000' \/><\/a><div class='ftg-social'><\/div><\/div><div  class='tile ftg-preload  '><a title=\"\" data-lightbox='ftg-11' rel='ftg-11'  class=' tile-inner  ftg-lightbox' href='https:\/\/confiseriezurcher.ch\/wp\/wp-content\/uploads\/2019\/02\/DSC_6148-Modifier-684x1024.jpg' ><img alt='' class='item skip-lazy' data-class='item' data-ftg-source='http:\/\/confiseriezurcher.ch\/wp\/wp-content\/uploads\/2019\/02\/DSC_6148-Modifier-200x300.jpg' src='http:\/\/confiseriezurcher.ch\/wp\/wp-content\/uploads\/2019\/02\/DSC_6148-Modifier-200x300.jpg' width='3507' height='5253' \/><\/a><div class='ftg-social'><\/div><\/div><div  class='tile ftg-preload  '><a title=\"\" data-lightbox='ftg-11' rel='ftg-11'  class=' tile-inner  ftg-lightbox' href='https:\/\/confiseriezurcher.ch\/wp\/wp-content\/uploads\/2019\/02\/DSC_1136-1024x681.jpg' ><img alt='' class='item skip-lazy' data-class='item' data-ftg-source='http:\/\/confiseriezurcher.ch\/wp\/wp-content\/uploads\/2019\/02\/DSC_1136-300x199.jpg' src='http:\/\/confiseriezurcher.ch\/wp\/wp-content\/uploads\/2019\/02\/DSC_1136-300x199.jpg' width='3008' height='2000' \/><\/a><div class='ftg-social'><\/div><\/div><div  class='tile ftg-preload  '><a title=\"\" data-lightbox='ftg-11' rel='ftg-11'  class=' tile-inner  ftg-lightbox' href='https:\/\/confiseriezurcher.ch\/wp\/wp-content\/uploads\/2019\/02\/DSC_6099-1024x684.jpg' ><img alt='' class='item skip-lazy' data-class='item' data-ftg-source='http:\/\/confiseriezurcher.ch\/wp\/wp-content\/uploads\/2019\/02\/DSC_6099-300x200.jpg' src='http:\/\/confiseriezurcher.ch\/wp\/wp-content\/uploads\/2019\/02\/DSC_6099-300x200.jpg' width='3860' height='2577' \/><\/a><div class='ftg-social'><\/div><\/div><div  class='tile ftg-preload  '><a title=\"\" data-lightbox='ftg-11' rel='ftg-11'  class=' tile-inner  ftg-lightbox' href='https:\/\/confiseriezurcher.ch\/wp\/wp-content\/uploads\/2019\/04\/Zurcher_DSC03135-683x1024.jpg' ><img alt='' class='item skip-lazy' data-class='item' data-ftg-source='http:\/\/confiseriezurcher.ch\/wp\/wp-content\/uploads\/2019\/04\/Zurcher_DSC03135-150x150.jpg' src='http:\/\/confiseriezurcher.ch\/wp\/wp-content\/uploads\/2019\/04\/Zurcher_DSC03135-150x150.jpg' width='1200' height='1800' \/><\/a><div class='ftg-social'><\/div><\/div><div  class='tile ftg-preload  '><a title=\"\" data-lightbox='ftg-11' rel='ftg-11'  class=' tile-inner  ftg-lightbox' href='https:\/\/confiseriezurcher.ch\/wp\/wp-content\/uploads\/2019\/02\/DSC_3804-1024x684.jpg' ><img alt='' class='item skip-lazy' data-class='item' data-ftg-source='http:\/\/confiseriezurcher.ch\/wp\/wp-content\/uploads\/2019\/02\/DSC_3804-300x200.jpg' src='http:\/\/confiseriezurcher.ch\/wp\/wp-content\/uploads\/2019\/02\/DSC_3804-300x200.jpg' width='6016' height='4016' \/><\/a><div class='ftg-social'><\/div><\/div><div  class='tile ftg-preload  '><a title=\"\" data-lightbox='ftg-11' rel='ftg-11'  class=' tile-inner  ftg-lightbox' href='https:\/\/confiseriezurcher.ch\/wp\/wp-content\/uploads\/2019\/04\/Zurcher_DSC03145-683x1024.jpg' ><img alt='' class='item skip-lazy' data-class='item' data-ftg-source='http:\/\/confiseriezurcher.ch\/wp\/wp-content\/uploads\/2019\/04\/Zurcher_DSC03145-150x150.jpg' src='http:\/\/confiseriezurcher.ch\/wp\/wp-content\/uploads\/2019\/04\/Zurcher_DSC03145-150x150.jpg' width='1000' height='1500' \/><\/a><div class='ftg-social'><\/div><\/div><div  class='tile ftg-preload  '><a title=\"\" data-lightbox='ftg-11' rel='ftg-11'  class=' tile-inner  ftg-lightbox' href='https:\/\/confiseriezurcher.ch\/wp\/wp-content\/uploads\/2019\/02\/DSC_1199-1024x681.jpg' ><img alt='' class='item skip-lazy' data-class='item' data-ftg-source='http:\/\/confiseriezurcher.ch\/wp\/wp-content\/uploads\/2019\/02\/DSC_1199-300x199.jpg' src='http:\/\/confiseriezurcher.ch\/wp\/wp-content\/uploads\/2019\/02\/DSC_1199-300x199.jpg' width='3008' height='2000' \/><\/a><div class='ftg-social'><\/div><\/div><div  class='tile ftg-preload  '><a title=\"\" data-lightbox='ftg-11' rel='ftg-11'  class=' tile-inner  ftg-lightbox' href='https:\/\/confiseriezurcher.ch\/wp\/wp-content\/uploads\/2019\/04\/Zurcher_DSC02978-683x1024.jpg' ><img alt='' class='item skip-lazy' data-class='item' data-ftg-source='http:\/\/confiseriezurcher.ch\/wp\/wp-content\/uploads\/2019\/04\/Zurcher_DSC02978-150x150.jpg' src='http:\/\/confiseriezurcher.ch\/wp\/wp-content\/uploads\/2019\/04\/Zurcher_DSC02978-150x150.jpg' width='1000' height='1500' \/><\/a><div class='ftg-social'><\/div><\/div><div  class='tile ftg-preload  '><a title=\"\" data-lightbox='ftg-11' rel='ftg-11'  class=' tile-inner  ftg-lightbox' href='https:\/\/confiseriezurcher.ch\/wp\/wp-content\/uploads\/2019\/04\/Zurcher_DSC02969-683x1024.jpg' ><img alt='' class='item skip-lazy' data-class='item' data-ftg-source='http:\/\/confiseriezurcher.ch\/wp\/wp-content\/uploads\/2019\/04\/Zurcher_DSC02969-150x150.jpg' src='http:\/\/confiseriezurcher.ch\/wp\/wp-content\/uploads\/2019\/04\/Zurcher_DSC02969-150x150.jpg' width='1000' height='1500' \/><\/a><div class='ftg-social'><\/div><\/div><div  class='tile ftg-preload  '><a title=\"\" data-lightbox='ftg-11' rel='ftg-11'  class=' tile-inner  ftg-lightbox' href='https:\/\/confiseriezurcher.ch\/wp\/wp-content\/uploads\/2019\/02\/DSC_6120-684x1024.jpg' ><img alt='' class='item skip-lazy' data-class='item' data-ftg-source='http:\/\/confiseriezurcher.ch\/wp\/wp-content\/uploads\/2019\/02\/DSC_6120-200x300.jpg' src='http:\/\/confiseriezurcher.ch\/wp\/wp-content\/uploads\/2019\/02\/DSC_6120-200x300.jpg' width='3037' height='4549' \/><\/a><div class='ftg-social'><\/div><\/div><div  class='tile ftg-preload  '><a title=\"\" data-lightbox='ftg-11' rel='ftg-11'  class=' tile-inner  ftg-lightbox' href='https:\/\/confiseriezurcher.ch\/wp\/wp-content\/uploads\/2019\/02\/DSC_6093-684x1024.jpg' ><img alt='' class='item skip-lazy' data-class='item' data-ftg-source='http:\/\/confiseriezurcher.ch\/wp\/wp-content\/uploads\/2019\/02\/DSC_6093-200x300.jpg' src='http:\/\/confiseriezurcher.ch\/wp\/wp-content\/uploads\/2019\/02\/DSC_6093-200x300.jpg' width='2911' height='4360' \/><\/a><div class='ftg-social'><\/div><\/div><div  class='tile ftg-preload  '><a title=\"\" data-lightbox='ftg-11' rel='ftg-11'  class=' tile-inner  ftg-lightbox' href='https:\/\/confiseriezurcher.ch\/wp\/wp-content\/uploads\/2019\/02\/DSC_6026-1024x684.jpg' ><img alt='' class='item skip-lazy' data-class='item' data-ftg-source='http:\/\/confiseriezurcher.ch\/wp\/wp-content\/uploads\/2019\/02\/DSC_6026-300x200.jpg' src='http:\/\/confiseriezurcher.ch\/wp\/wp-content\/uploads\/2019\/02\/DSC_6026-300x200.jpg' width='5372' height='3586' \/><\/a><div class='ftg-social'><\/div><\/div><div  class='tile ftg-preload  '><a title=\"\" data-lightbox='ftg-11' rel='ftg-11'  class=' tile-inner  ftg-lightbox' href='https:\/\/confiseriezurcher.ch\/wp\/wp-content\/uploads\/2019\/02\/DSC_1086-1024x681.jpg' ><img alt='' class='item skip-lazy' data-class='item' data-ftg-source='http:\/\/confiseriezurcher.ch\/wp\/wp-content\/uploads\/2019\/02\/DSC_1086-300x199.jpg' src='http:\/\/confiseriezurcher.ch\/wp\/wp-content\/uploads\/2019\/02\/DSC_1086-300x199.jpg' width='3008' height='2000' \/><\/a><div class='ftg-social'><\/div><\/div><div  class='tile ftg-preload  '><a title=\"\" data-lightbox='ftg-11' rel='ftg-11'  class=' tile-inner  ftg-lightbox' href='https:\/\/confiseriezurcher.ch\/wp\/wp-content\/uploads\/2019\/02\/DSC_1080-1024x681.jpg' ><img alt='' class='item skip-lazy' data-class='item' data-ftg-source='http:\/\/confiseriezurcher.ch\/wp\/wp-content\/uploads\/2019\/02\/DSC_1080-300x199.jpg' src='http:\/\/confiseriezurcher.ch\/wp\/wp-content\/uploads\/2019\/02\/DSC_1080-300x199.jpg' width='3008' height='2000' \/><\/a><div class='ftg-social'><\/div><\/div><div  class='tile ftg-preload  '><a title=\"\" data-lightbox='ftg-11' rel='ftg-11'  class=' tile-inner  ftg-lightbox' href='https:\/\/confiseriezurcher.ch\/wp\/wp-content\/uploads\/2019\/02\/DSC_6145-1024x684.jpg' ><img alt='' class='item skip-lazy' data-class='item' data-ftg-source='http:\/\/confiseriezurcher.ch\/wp\/wp-content\/uploads\/2019\/02\/DSC_6145-300x200.jpg' src='http:\/\/confiseriezurcher.ch\/wp\/wp-content\/uploads\/2019\/02\/DSC_6145-300x200.jpg' width='5427' height='3623' \/><\/a><div class='ftg-social'><\/div><\/div><div  class='tile ftg-preload  '><a title=\"\" data-lightbox='ftg-11' rel='ftg-11'  class=' tile-inner  ftg-lightbox' href='https:\/\/confiseriezurcher.ch\/wp\/wp-content\/uploads\/2019\/04\/Zurcher_DSC03062-1024x683.jpg' ><img alt='' class='item skip-lazy' data-class='item' data-ftg-source='http:\/\/confiseriezurcher.ch\/wp\/wp-content\/uploads\/2019\/04\/Zurcher_DSC03062-150x150.jpg' src='http:\/\/confiseriezurcher.ch\/wp\/wp-content\/uploads\/2019\/04\/Zurcher_DSC03062-150x150.jpg' width='1200' height='800' \/><\/a><div class='ftg-social'><\/div><\/div><div  class='tile ftg-preload  '><a title=\"\" data-lightbox='ftg-11' rel='ftg-11'  class=' tile-inner  ftg-lightbox' href='https:\/\/confiseriezurcher.ch\/wp\/wp-content\/uploads\/2019\/02\/DSC_6049-1024x684.jpg' ><img alt='' class='item skip-lazy' data-class='item' data-ftg-source='http:\/\/confiseriezurcher.ch\/wp\/wp-content\/uploads\/2019\/02\/DSC_6049-300x200.jpg' src='http:\/\/confiseriezurcher.ch\/wp\/wp-content\/uploads\/2019\/02\/DSC_6049-300x200.jpg' width='2708' height='1808' \/><\/a><div class='ftg-social'><\/div><\/div><div  class='tile ftg-preload  '><a title=\"\" data-lightbox='ftg-11' rel='ftg-11'  class=' tile-inner  ftg-lightbox' href='https:\/\/confiseriezurcher.ch\/wp\/wp-content\/uploads\/2019\/02\/DSC_1128-1024x681.jpg' ><img alt='' class='item skip-lazy' data-class='item' data-ftg-source='http:\/\/confiseriezurcher.ch\/wp\/wp-content\/uploads\/2019\/02\/DSC_1128-300x199.jpg' src='http:\/\/confiseriezurcher.ch\/wp\/wp-content\/uploads\/2019\/02\/DSC_1128-300x199.jpg' width='3008' height='2000' \/><\/a><div class='ftg-social'><\/div><\/div><div  class='tile ftg-preload  '><a title=\"\" data-lightbox='ftg-11' rel='ftg-11'  class=' tile-inner  ftg-lightbox' href='https:\/\/confiseriezurcher.ch\/wp\/wp-content\/uploads\/2019\/02\/DSC_6144-1024x684.jpg' ><img alt='' class='item skip-lazy' data-class='item' data-ftg-source='http:\/\/confiseriezurcher.ch\/wp\/wp-content\/uploads\/2019\/02\/DSC_6144-300x200.jpg' src='http:\/\/confiseriezurcher.ch\/wp\/wp-content\/uploads\/2019\/02\/DSC_6144-300x200.jpg' width='4432' height='2959' \/><\/a><div class='ftg-social'><\/div><\/div><\/div><\/div>\n","protected":false},"excerpt":{"rendered":"<p>La confiserie Quelques pi\u00e8ces ma\u00eetresses de notre assortiment sont incontournables, comme par exemple, le g\u00e2teau aux noisettes, les tuiles caram\u00e9lis\u00e9es, en passant par les pralin\u00e9s, les p\u00e2tisseries, les petits desserts, les tourtes, sans oublier les p\u00e2tes de fruits, les truffes et autres douceurs, ainsi qu&rsquo;un vaste assortiment de produits sal\u00e9s. &nbsp; &nbsp; Nous attachons une [&hellip;]<\/p>\n","protected":false},"author":1,"featured_media":0,"parent":0,"menu_order":0,"comment_status":"closed","ping_status":"closed","template":"","meta":[],"_links":{"self":[{"href":"https:\/\/confiseriezurcher.ch\/wp\/index.php?rest_route=\/wp\/v2\/pages\/19"}],"collection":[{"href":"https:\/\/confiseriezurcher.ch\/wp\/index.php?rest_route=\/wp\/v2\/pages"}],"about":[{"href":"https:\/\/confiseriezurcher.ch\/wp\/index.php?rest_route=\/wp\/v2\/types\/page"}],"author":[{"embeddable":true,"href":"https:\/\/confiseriezurcher.ch\/wp\/index.php?rest_route=\/wp\/v2\/users\/1"}],"replies":[{"embeddable":true,"href":"https:\/\/confiseriezurcher.ch\/wp\/index.php?rest_route=%2Fwp%2Fv2%2Fcomments&post=19"}],"version-history":[{"count":13,"href":"https:\/\/confiseriezurcher.ch\/wp\/index.php?rest_route=\/wp\/v2\/pages\/19\/revisions"}],"predecessor-version":[{"id":690,"href":"https:\/\/confiseriezurcher.ch\/wp\/index.php?rest_route=\/wp\/v2\/pages\/19\/revisions\/690"}],"wp:attachment":[{"href":"https:\/\/confiseriezurcher.ch\/wp\/index.php?rest_route=%2Fwp%2Fv2%2Fmedia&parent=19"}],"curies":[{"name":"wp","href":"https:\/\/api.w.org\/{rel}","templated":true}]}}