{"id":2,"date":"2019-01-22T11:16:09","date_gmt":"2019-01-22T10:16:09","guid":{"rendered":"http:\/\/confiseriezurcher.ch\/wp\/?page_id=2"},"modified":"2026-05-14T07:54:52","modified_gmt":"2026-05-14T05:54:52","slug":"page-d-exemple","status":"publish","type":"page","link":"https:\/\/confiseriezurcher.ch\/wp\/","title":{"rendered":"Accueil"},"content":{"rendered":"<h1>Nous sommes ouverts \u00e0 Colombier le jeudi 14 mai (8h00 &#8211; 18h00 non stop). Belle journ\u00e9e \u00e0 tous<\/h1>\n<p>&nbsp;<\/p>\n<p>C&rsquo;est au c\u0153ur du village de Colombier, \u00e0 l&rsquo;ouest de Neuch\u00e2tel, que la confiserie Zurcher vous accueille depuis plus de 150 ans !<\/p>\n<p>La Confiserie est bien connue pour ses sp\u00e9cialit\u00e9s, notamment le fameux g\u00e2teau aux noisettes, ancienne recette, qui reste inchang\u00e9e depuis pr\u00e8s de 100 ans, et qui a bien contribu\u00e9 \u00e0 son succ\u00e8s.<\/p>\n<p>&nbsp;<\/p>\n<p><img loading=\"lazy\" class=\"aligncenter size-full bandeau wp-image-179\" src=\"http:\/\/confiseriezurcher.ch\/wp\/wp-content\/uploads\/2019\/04\/zurcher_framboises.jpg\" alt=\"\" width=\"2000\" height=\"750\" srcset=\"https:\/\/confiseriezurcher.ch\/wp\/wp-content\/uploads\/2019\/04\/zurcher_framboises.jpg 2000w, https:\/\/confiseriezurcher.ch\/wp\/wp-content\/uploads\/2019\/04\/zurcher_framboises-300x113.jpg 300w, https:\/\/confiseriezurcher.ch\/wp\/wp-content\/uploads\/2019\/04\/zurcher_framboises-768x288.jpg 768w, https:\/\/confiseriezurcher.ch\/wp\/wp-content\/uploads\/2019\/04\/zurcher_framboises-1024x384.jpg 1024w\" sizes=\"(max-width: 2000px) 100vw, 2000px\" \/><\/p>\n<p>&nbsp;<\/p>\n<p>D&rsquo;autre part, vous y trouverez les d\u00e9licieuses \u00ab\u00a0Tuiles caram\u00e9lis\u00e9es\u00a0\u00bb, dont le renom d\u00e9passe les fronti\u00e8res cantonales, et dont la forme rappelle les tuiles d&rsquo;autrefois. Cette sp\u00e9cialit\u00e9 \u00e0 base d&rsquo;amandes, de beurre, de cr\u00e8me et de sucre caram\u00e9lis\u00e9, contribue au succ\u00e8s de la maison.<\/p>\n<p>L&rsquo;enseigne est n\u00e9e de la passion d&rsquo;un homme, Th\u00e9ophile\u00a0\u00a0Zurcher, fondateur de la confiserie en 1862. Aujourd&rsquo;hui, apr\u00e8s 5 g\u00e9n\u00e9rations, Christophe a repris l&rsquo;\u00e9tablissement.<\/p>\n<p>&nbsp;<\/p>\n<p><img loading=\"lazy\" class=\"aligncenter size-full bandeau wp-image-74\" src=\"http:\/\/confiseriezurcher.ch\/wp\/wp-content\/uploads\/2019\/02\/zurcher_paquet.jpg\" alt=\"\" width=\"2000\" height=\"750\" srcset=\"https:\/\/confiseriezurcher.ch\/wp\/wp-content\/uploads\/2019\/02\/zurcher_paquet.jpg 2000w, https:\/\/confiseriezurcher.ch\/wp\/wp-content\/uploads\/2019\/02\/zurcher_paquet-300x113.jpg 300w, https:\/\/confiseriezurcher.ch\/wp\/wp-content\/uploads\/2019\/02\/zurcher_paquet-768x288.jpg 768w, https:\/\/confiseriezurcher.ch\/wp\/wp-content\/uploads\/2019\/02\/zurcher_paquet-1024x384.jpg 1024w\" sizes=\"(max-width: 2000px) 100vw, 2000px\" \/><\/p>\n<p>&nbsp;<\/p>\n<p>Dans son tea-room, vous pouvez d\u00e9guster bon nombre de sp\u00e9cialit\u00e9s de la maison, accompagn\u00e9es d&rsquo;un bon caf\u00e9, par exemple. Une large gamme de th\u00e9, aux saveurs subtiles et d&rsquo;origines vari\u00e9es, vous invite \u00e0 passer un agr\u00e9able moment dans la salle r\u00e9nov\u00e9e ou sur la terrasse.<\/p>\n<p><b>Confiserie Zurcher<\/b><br \/>\nRue Haute 23<br \/>\n2013 Colombier<br \/>\n+41 (0)32 841 24 12<br \/>\n<a href=\"mailto:zurcher@confiseriezurcher.ch\">info@confiseriezurcher.ch<\/a><\/p>\n<p><em>Les commandes se font uniquement par t\u00e9l\u00e9phone<\/em><\/p>\n<table class=\"normal\" border=\"0\" width=\"350\" cellspacing=\"0\" cellpadding=\"2\"><!-- lundi --><\/table>\n<div><strong><br \/>\nHoraires<\/strong><\/div>\n<div><\/div>\n<table class=\"normal\" border=\"0\" width=\"350\" cellspacing=\"0\" cellpadding=\"2\"><!-- lundi --><\/p>\n<tbody>\n<tr bgcolor=\"\">\n<td>lundi<\/td>\n<td><\/td>\n<td><\/td>\n<td><\/td>\n<td><\/td>\n<td><\/td>\n<td><\/td>\n<td><\/td>\n<\/tr>\n<p><!-- mardi --><\/p>\n<tr>\n<td>mardi<\/td>\n<td>08:00<\/td>\n<td><\/td>\n<td>12:15<\/td>\n<td><\/td>\n<td>13:30<\/td>\n<td>&#8211;<\/td>\n<td>18:30<\/td>\n<\/tr>\n<p><!-- mercredi --><\/p>\n<tr bgcolor=\"\">\n<td>mercredi<\/td>\n<td>08:00<\/td>\n<td>&#8211;<\/td>\n<td>12:15<\/td>\n<td><\/td>\n<td>13:30<\/td>\n<td>&#8211;<\/td>\n<td>18:30<\/td>\n<\/tr>\n<p><!-- jeudi --><\/p>\n<tr>\n<td>jeudi<\/td>\n<td>08:00<\/td>\n<td>&#8211;<\/td>\n<td>12:15<\/td>\n<td><\/td>\n<td>13:30<\/td>\n<td>&#8211;<\/td>\n<td>18:30<\/td>\n<\/tr>\n<p><!-- vendredi --><\/p>\n<tr bgcolor=\"\">\n<td>vendredi<\/td>\n<td>08:00<\/td>\n<td>&#8211;<\/td>\n<td>12:15<\/td>\n<td><\/td>\n<td>13:30<\/td>\n<td>&#8211;<\/td>\n<td>18:30<\/td>\n<\/tr>\n<p><!-- samedi --><\/p>\n<tr>\n<td>samedi<\/td>\n<td>08:00<\/td>\n<td>&#8211;<\/td>\n<td>18:00<\/td>\n<td><\/td>\n<td><\/td>\n<td><\/td>\n<td><\/td>\n<\/tr>\n<p><!-- dimanche --><\/p>\n<tr bgcolor=\"\">\n<td>dimanche<\/td>\n<td>07:30<\/td>\n<td>&#8211;<\/td>\n<td>18:00<\/td>\n<td><\/td>\n<td><\/td>\n<td><\/td>\n<td><\/td>\n<\/tr>\n<\/tbody>\n<\/table>\n<p>&nbsp;<\/p>\n<p><img loading=\"lazy\" class=\"aligncenter size-full bandeau wp-image-79\" src=\"http:\/\/confiseriezurcher.ch\/wp\/wp-content\/uploads\/2019\/02\/zurcher_truffe.jpg\" alt=\"\" width=\"2000\" height=\"750\" srcset=\"https:\/\/confiseriezurcher.ch\/wp\/wp-content\/uploads\/2019\/02\/zurcher_truffe.jpg 2000w, https:\/\/confiseriezurcher.ch\/wp\/wp-content\/uploads\/2019\/02\/zurcher_truffe-300x113.jpg 300w, https:\/\/confiseriezurcher.ch\/wp\/wp-content\/uploads\/2019\/02\/zurcher_truffe-768x288.jpg 768w, https:\/\/confiseriezurcher.ch\/wp\/wp-content\/uploads\/2019\/02\/zurcher_truffe-1024x384.jpg 1024w\" sizes=\"(max-width: 2000px) 100vw, 2000px\" \/><\/p>\n","protected":false},"excerpt":{"rendered":"<p>Nous sommes ouverts \u00e0 Colombier le jeudi 14 mai (8h00 &#8211; 18h00 non stop). Belle journ\u00e9e \u00e0 tous &nbsp; C&rsquo;est au c\u0153ur du village de Colombier, \u00e0 l&rsquo;ouest de Neuch\u00e2tel, que la confiserie Zurcher vous accueille depuis plus de 150 ans ! La Confiserie est bien connue pour ses sp\u00e9cialit\u00e9s, notamment le fameux g\u00e2teau aux [&hellip;]<\/p>\n","protected":false},"author":1,"featured_media":0,"parent":0,"menu_order":0,"comment_status":"closed","ping_status":"open","template":"","meta":[],"_links":{"self":[{"href":"https:\/\/confiseriezurcher.ch\/wp\/index.php?rest_route=\/wp\/v2\/pages\/2"}],"collection":[{"href":"https:\/\/confiseriezurcher.ch\/wp\/index.php?rest_route=\/wp\/v2\/pages"}],"about":[{"href":"https:\/\/confiseriezurcher.ch\/wp\/index.php?rest_route=\/wp\/v2\/types\/page"}],"author":[{"embeddable":true,"href":"https:\/\/confiseriezurcher.ch\/wp\/index.php?rest_route=\/wp\/v2\/users\/1"}],"replies":[{"embeddable":true,"href":"https:\/\/confiseriezurcher.ch\/wp\/index.php?rest_route=%2Fwp%2Fv2%2Fcomments&post=2"}],"version-history":[{"count":173,"href":"https:\/\/confiseriezurcher.ch\/wp\/index.php?rest_route=\/wp\/v2\/pages\/2\/revisions"}],"predecessor-version":[{"id":806,"href":"https:\/\/confiseriezurcher.ch\/wp\/index.php?rest_route=\/wp\/v2\/pages\/2\/revisions\/806"}],"wp:attachment":[{"href":"https:\/\/confiseriezurcher.ch\/wp\/index.php?rest_route=%2Fwp%2Fv2%2Fmedia&parent=2"}],"curies":[{"name":"wp","href":"https:\/\/api.w.org\/{rel}","templated":true}]}}