{"id":21,"date":"2019-01-22T15:30:51","date_gmt":"2019-01-22T14:30:51","guid":{"rendered":"http:\/\/confiseriezurcher.ch\/wp\/?page_id=21"},"modified":"2019-02-20T12:11:22","modified_gmt":"2019-02-20T11:11:22","slug":"tea-room-un-moment-hors-du-temps","status":"publish","type":"page","link":"https:\/\/confiseriezurcher.ch\/wp\/?page_id=21","title":{"rendered":"Tea Room"},"content":{"rendered":"<h1>Tea-room<\/h1>\n<p>Le tea-room jouxtant la confiserie offre un cadre agr\u00e9able et convivial pour d\u00e9guster l&rsquo;une de nos sp\u00e9cialit\u00e9s, qui peut \u00eatre accompagn\u00e9e d&rsquo;une boisson fra\u00eeche, d&rsquo;un caf\u00e9, d&rsquo;un th\u00e9, voire d&rsquo;une tisane. Vous y trouverez un large \u00e9ventail de th\u00e9 de provenance de Ceylan pour le th\u00e9 noir, le Darjeeling indien ou le Lapsong Souchong de Chine. La saveur des th\u00e9s noir, vert, jaune ou blanc vous incitera au voyage.<\/p>\n<p>&nbsp;<\/p>\n<p><img loading=\"lazy\" class=\"bandeau aligncenter wp-image-68 size-full\" src=\"http:\/\/confiseriezurcher.ch\/wp\/wp-content\/uploads\/2019\/02\/zurcher_cafe-croissant.jpg\" alt=\"\" width=\"2000\" height=\"750\" srcset=\"https:\/\/confiseriezurcher.ch\/wp\/wp-content\/uploads\/2019\/02\/zurcher_cafe-croissant.jpg 2000w, https:\/\/confiseriezurcher.ch\/wp\/wp-content\/uploads\/2019\/02\/zurcher_cafe-croissant-300x113.jpg 300w, https:\/\/confiseriezurcher.ch\/wp\/wp-content\/uploads\/2019\/02\/zurcher_cafe-croissant-768x288.jpg 768w, https:\/\/confiseriezurcher.ch\/wp\/wp-content\/uploads\/2019\/02\/zurcher_cafe-croissant-1024x384.jpg 1024w\" sizes=\"(max-width: 2000px) 100vw, 2000px\" \/><\/p>\n<div class=\"title\">\n<p>&nbsp;<\/p>\n<\/div>\n<p>L&rsquo;atmosph\u00e8re des tea-rooms d&rsquo;antan, o\u00f9 le temps semble arr\u00eat\u00e9, est conserv\u00e9e et l&rsquo;on peut y partager un moment de convivialit\u00e9 entre amis, en famille ou seul, \u00e0 feuilleter le journal du jour.<\/p>\n<p>&nbsp;<\/p>\n<p><img loading=\"lazy\" class=\"bandeau aligncenter wp-image-118 size-full\" src=\"http:\/\/confiseriezurcher.ch\/wp\/wp-content\/uploads\/2019\/02\/zurcher_confiserie-1.jpg\" alt=\"\" width=\"2000\" height=\"750\" srcset=\"https:\/\/confiseriezurcher.ch\/wp\/wp-content\/uploads\/2019\/02\/zurcher_confiserie-1.jpg 2000w, https:\/\/confiseriezurcher.ch\/wp\/wp-content\/uploads\/2019\/02\/zurcher_confiserie-1-300x113.jpg 300w, https:\/\/confiseriezurcher.ch\/wp\/wp-content\/uploads\/2019\/02\/zurcher_confiserie-1-768x288.jpg 768w, https:\/\/confiseriezurcher.ch\/wp\/wp-content\/uploads\/2019\/02\/zurcher_confiserie-1-1024x384.jpg 1024w\" sizes=\"(max-width: 2000px) 100vw, 2000px\" \/><\/p>\n<p>&nbsp;<\/p>\n<p>En \u00e9t\u00e9, sur la terrasse devant la confiserie, vous pourrez par exemple d\u00e9guster une glace artisanale ou vous d\u00e9salt\u00e9rer avec une boisson fra\u00eeche.<\/p>\n","protected":false},"excerpt":{"rendered":"<p>Tea-room Le tea-room jouxtant la confiserie offre un cadre agr\u00e9able et convivial pour d\u00e9guster l&rsquo;une de nos sp\u00e9cialit\u00e9s, qui peut \u00eatre accompagn\u00e9e d&rsquo;une boisson fra\u00eeche, d&rsquo;un caf\u00e9, d&rsquo;un th\u00e9, voire d&rsquo;une tisane. Vous y trouverez un large \u00e9ventail de th\u00e9 de provenance de Ceylan pour le th\u00e9 noir, le Darjeeling indien ou le Lapsong Souchong [&hellip;]<\/p>\n","protected":false},"author":1,"featured_media":0,"parent":0,"menu_order":0,"comment_status":"closed","ping_status":"closed","template":"","meta":[],"_links":{"self":[{"href":"https:\/\/confiseriezurcher.ch\/wp\/index.php?rest_route=\/wp\/v2\/pages\/21"}],"collection":[{"href":"https:\/\/confiseriezurcher.ch\/wp\/index.php?rest_route=\/wp\/v2\/pages"}],"about":[{"href":"https:\/\/confiseriezurcher.ch\/wp\/index.php?rest_route=\/wp\/v2\/types\/page"}],"author":[{"embeddable":true,"href":"https:\/\/confiseriezurcher.ch\/wp\/index.php?rest_route=\/wp\/v2\/users\/1"}],"replies":[{"embeddable":true,"href":"https:\/\/confiseriezurcher.ch\/wp\/index.php?rest_route=%2Fwp%2Fv2%2Fcomments&post=21"}],"version-history":[{"count":5,"href":"https:\/\/confiseriezurcher.ch\/wp\/index.php?rest_route=\/wp\/v2\/pages\/21\/revisions"}],"predecessor-version":[{"id":119,"href":"https:\/\/confiseriezurcher.ch\/wp\/index.php?rest_route=\/wp\/v2\/pages\/21\/revisions\/119"}],"wp:attachment":[{"href":"https:\/\/confiseriezurcher.ch\/wp\/index.php?rest_route=%2Fwp%2Fv2%2Fmedia&parent=21"}],"curies":[{"name":"wp","href":"https:\/\/api.w.org\/{rel}","templated":true}]}}