{"id":26,"date":"2019-01-22T15:31:48","date_gmt":"2019-01-22T14:31:48","guid":{"rendered":"http:\/\/confiseriezurcher.ch\/wp\/?page_id=26"},"modified":"2019-04-11T13:21:27","modified_gmt":"2019-04-11T11:21:27","slug":"le-savoir-faire-avant-tout","status":"publish","type":"page","link":"https:\/\/confiseriezurcher.ch\/wp\/?page_id=26","title":{"rendered":"savoir-faire"},"content":{"rendered":"<h1>Le savoir-faire avant tout<\/h1>\n<p>Riche de 150 ans d&rsquo;exp\u00e9rience et de savoir-faire, les confiseurs de la maison Zurcher \u00e0 Colombier sont en mesure d&rsquo;offrir une vaste palette d&rsquo;excellents produits de confiserie et de p\u00e2tisseries. Les recettes, pour certaines, sont rest\u00e9es inchang\u00e9es depuis l&rsquo;origine. Quant \u00e0 d&rsquo;autres, elles ont \u00e9volu\u00e9, se sont transform\u00e9es, voire totalement innov\u00e9es, permettant d&rsquo;offrir le bon produit pour chaque occasion.<\/p>\n<p>&nbsp;<\/p>\n<p><img loading=\"lazy\" class=\"bandeau aligncenter wp-image-77 size-full\" src=\"http:\/\/confiseriezurcher.ch\/wp\/wp-content\/uploads\/2019\/02\/zurcher_gateau_noisettes.jpg\" alt=\"\" width=\"2000\" height=\"750\" srcset=\"https:\/\/confiseriezurcher.ch\/wp\/wp-content\/uploads\/2019\/02\/zurcher_gateau_noisettes.jpg 2000w, https:\/\/confiseriezurcher.ch\/wp\/wp-content\/uploads\/2019\/02\/zurcher_gateau_noisettes-300x113.jpg 300w, https:\/\/confiseriezurcher.ch\/wp\/wp-content\/uploads\/2019\/02\/zurcher_gateau_noisettes-768x288.jpg 768w, https:\/\/confiseriezurcher.ch\/wp\/wp-content\/uploads\/2019\/02\/zurcher_gateau_noisettes-1024x384.jpg 1024w\" sizes=\"(max-width: 2000px) 100vw, 2000px\" \/><\/p>\n<div class=\"title\">\n<p>&nbsp;<\/p>\n<\/div>\n<p>Ce savoir-faire a permis une renomm\u00e9e incontestable, ainsi que la fid\u00e9lisation de la client\u00e8le au fil du temps, dans la r\u00e9gion et bien au-del\u00e0.<\/p>\n<p>Ces diff\u00e9rentes techniques ont \u00e9t\u00e9 acquises et d\u00e9velopp\u00e9es avec le temps. Elles sont transmises de g\u00e9n\u00e9ration en g\u00e9n\u00e9ration, de mani\u00e8re \u00e0 offrir les nombreuses sp\u00e9cialit\u00e9s qui flatteront votre palais et satisferont une client\u00e8le fid\u00e8le et exigeante.<\/p>\n<p>&nbsp;<\/p>\n<p><img loading=\"lazy\" class=\"bandeau aligncenter wp-image-177 size-full\" src=\"http:\/\/confiseriezurcher.ch\/wp\/wp-content\/uploads\/2019\/04\/zurcher_savoir_faire-1.jpg\" alt=\"\" width=\"2000\" height=\"750\" srcset=\"https:\/\/confiseriezurcher.ch\/wp\/wp-content\/uploads\/2019\/04\/zurcher_savoir_faire-1.jpg 2000w, https:\/\/confiseriezurcher.ch\/wp\/wp-content\/uploads\/2019\/04\/zurcher_savoir_faire-1-300x113.jpg 300w, https:\/\/confiseriezurcher.ch\/wp\/wp-content\/uploads\/2019\/04\/zurcher_savoir_faire-1-768x288.jpg 768w, https:\/\/confiseriezurcher.ch\/wp\/wp-content\/uploads\/2019\/04\/zurcher_savoir_faire-1-1024x384.jpg 1024w\" sizes=\"(max-width: 2000px) 100vw, 2000px\" \/><\/p>\n","protected":false},"excerpt":{"rendered":"<p>Le savoir-faire avant tout Riche de 150 ans d&rsquo;exp\u00e9rience et de savoir-faire, les confiseurs de la maison Zurcher \u00e0 Colombier sont en mesure d&rsquo;offrir une vaste palette d&rsquo;excellents produits de confiserie et de p\u00e2tisseries. Les recettes, pour certaines, sont rest\u00e9es inchang\u00e9es depuis l&rsquo;origine. Quant \u00e0 d&rsquo;autres, elles ont \u00e9volu\u00e9, se sont transform\u00e9es, voire totalement innov\u00e9es, [&hellip;]<\/p>\n","protected":false},"author":1,"featured_media":0,"parent":0,"menu_order":0,"comment_status":"closed","ping_status":"closed","template":"","meta":[],"_links":{"self":[{"href":"https:\/\/confiseriezurcher.ch\/wp\/index.php?rest_route=\/wp\/v2\/pages\/26"}],"collection":[{"href":"https:\/\/confiseriezurcher.ch\/wp\/index.php?rest_route=\/wp\/v2\/pages"}],"about":[{"href":"https:\/\/confiseriezurcher.ch\/wp\/index.php?rest_route=\/wp\/v2\/types\/page"}],"author":[{"embeddable":true,"href":"https:\/\/confiseriezurcher.ch\/wp\/index.php?rest_route=\/wp\/v2\/users\/1"}],"replies":[{"embeddable":true,"href":"https:\/\/confiseriezurcher.ch\/wp\/index.php?rest_route=%2Fwp%2Fv2%2Fcomments&post=26"}],"version-history":[{"count":9,"href":"https:\/\/confiseriezurcher.ch\/wp\/index.php?rest_route=\/wp\/v2\/pages\/26\/revisions"}],"predecessor-version":[{"id":178,"href":"https:\/\/confiseriezurcher.ch\/wp\/index.php?rest_route=\/wp\/v2\/pages\/26\/revisions\/178"}],"wp:attachment":[{"href":"https:\/\/confiseriezurcher.ch\/wp\/index.php?rest_route=%2Fwp%2Fv2%2Fmedia&parent=26"}],"curies":[{"name":"wp","href":"https:\/\/api.w.org\/{rel}","templated":true}]}}