{"id":28,"date":"2019-01-22T15:32:10","date_gmt":"2019-01-22T14:32:10","guid":{"rendered":"http:\/\/confiseriezurcher.ch\/wp\/?page_id=28"},"modified":"2026-03-14T07:20:27","modified_gmt":"2026-03-14T06:20:27","slug":"peseux","status":"publish","type":"page","link":"https:\/\/confiseriezurcher.ch\/wp\/?page_id=28","title":{"rendered":"Peseux"},"content":{"rendered":"<h1>Peseux<\/h1>\n<p>La confiserie Zurcher est \u00e9galement au Centre CAP 2000 \u00e0 Peseux et ceci pour mieux vous servir. Nous vous servons la quasi-totalit\u00e9 de nos produits confectionn\u00e9s chaque jour \u00e0 Colombier et livr\u00e9s par nos soins.<\/p>\n<p><em>Nous vendons \u00e9galement un assortiment de pains confectionn\u00e9 par la Tarterie du Littoral de Serri\u00e8res<\/em><\/p>\n<p><img loading=\"lazy\" class=\"bandeau aligncenter wp-image-111 size-full\" src=\"http:\/\/confiseriezurcher.ch\/wp\/wp-content\/uploads\/2019\/02\/zurcher_peseux.jpg\" alt=\"\" width=\"2000\" height=\"750\" srcset=\"https:\/\/confiseriezurcher.ch\/wp\/wp-content\/uploads\/2019\/02\/zurcher_peseux.jpg 2000w, https:\/\/confiseriezurcher.ch\/wp\/wp-content\/uploads\/2019\/02\/zurcher_peseux-300x113.jpg 300w, https:\/\/confiseriezurcher.ch\/wp\/wp-content\/uploads\/2019\/02\/zurcher_peseux-768x288.jpg 768w, https:\/\/confiseriezurcher.ch\/wp\/wp-content\/uploads\/2019\/02\/zurcher_peseux-1024x384.jpg 1024w\" sizes=\"(max-width: 2000px) 100vw, 2000px\" \/><\/p>\n<p>&nbsp;<\/p>\n<p><b>Heures d&rsquo;ouverture \u00e0 Peseux\u00a0:<\/b><\/p>\n<table class=\"content_peseux\" style=\"height: 145px;\" border=\"0\" width=\"684\">\n<tbody>\n<tr>\n<td>Du mardi au vendredi<\/td>\n<td>8h00-12h30 13h45-18h30<\/td>\n<\/tr>\n<tr>\n<td>Samedi<\/td>\n<td>8h00-17h00 non-stop<\/td>\n<\/tr>\n<tr>\n<td>Dimanche<\/td>\n<td>FERME<br \/>\n(ouvert \u00e0 Colombier)<\/td>\n<\/tr>\n<\/tbody>\n<\/table>\n<p>T\u00e9l\u00e9phone et Fax\u00a0: 032 \/ 731.82.92<\/p>\n<p>&nbsp;<\/p>\n<p><img loading=\"lazy\" class=\"bandeau aligncenter wp-image-208 size-full\" src=\"http:\/\/confiseriezurcher.ch\/wp\/wp-content\/uploads\/2019\/04\/zurcher_peseux.jpg\" alt=\"\" width=\"2000\" height=\"750\" srcset=\"https:\/\/confiseriezurcher.ch\/wp\/wp-content\/uploads\/2019\/04\/zurcher_peseux.jpg 2000w, https:\/\/confiseriezurcher.ch\/wp\/wp-content\/uploads\/2019\/04\/zurcher_peseux-300x113.jpg 300w, https:\/\/confiseriezurcher.ch\/wp\/wp-content\/uploads\/2019\/04\/zurcher_peseux-768x288.jpg 768w, https:\/\/confiseriezurcher.ch\/wp\/wp-content\/uploads\/2019\/04\/zurcher_peseux-1024x384.jpg 1024w\" sizes=\"(max-width: 2000px) 100vw, 2000px\" \/><\/p>\n","protected":false},"excerpt":{"rendered":"<p>Peseux La confiserie Zurcher est \u00e9galement au Centre CAP 2000 \u00e0 Peseux et ceci pour mieux vous servir. Nous vous servons la quasi-totalit\u00e9 de nos produits confectionn\u00e9s chaque jour \u00e0 Colombier et livr\u00e9s par nos soins. Nous vendons \u00e9galement un assortiment de pains confectionn\u00e9 par la Tarterie du Littoral de Serri\u00e8res &nbsp; Heures d&rsquo;ouverture \u00e0 [&hellip;]<\/p>\n","protected":false},"author":1,"featured_media":0,"parent":0,"menu_order":0,"comment_status":"closed","ping_status":"closed","template":"","meta":[],"_links":{"self":[{"href":"https:\/\/confiseriezurcher.ch\/wp\/index.php?rest_route=\/wp\/v2\/pages\/28"}],"collection":[{"href":"https:\/\/confiseriezurcher.ch\/wp\/index.php?rest_route=\/wp\/v2\/pages"}],"about":[{"href":"https:\/\/confiseriezurcher.ch\/wp\/index.php?rest_route=\/wp\/v2\/types\/page"}],"author":[{"embeddable":true,"href":"https:\/\/confiseriezurcher.ch\/wp\/index.php?rest_route=\/wp\/v2\/users\/1"}],"replies":[{"embeddable":true,"href":"https:\/\/confiseriezurcher.ch\/wp\/index.php?rest_route=%2Fwp%2Fv2%2Fcomments&post=28"}],"version-history":[{"count":15,"href":"https:\/\/confiseriezurcher.ch\/wp\/index.php?rest_route=\/wp\/v2\/pages\/28\/revisions"}],"predecessor-version":[{"id":799,"href":"https:\/\/confiseriezurcher.ch\/wp\/index.php?rest_route=\/wp\/v2\/pages\/28\/revisions\/799"}],"wp:attachment":[{"href":"https:\/\/confiseriezurcher.ch\/wp\/index.php?rest_route=%2Fwp%2Fv2%2Fmedia&parent=28"}],"curies":[{"name":"wp","href":"https:\/\/api.w.org\/{rel}","templated":true}]}}